{"id":1728,"date":"2021-01-21T15:17:01","date_gmt":"2021-01-21T14:17:01","guid":{"rendered":"http:\/\/old4.commonsupport.com\/apartio\/?page_id=1728"},"modified":"2025-01-29T12:24:55","modified_gmt":"2025-01-29T10:24:55","slug":"investment","status":"publish","type":"page","link":"https:\/\/paphosmarina.com.cy\/de\/investment\/","title":{"rendered":"Investment"},"content":{"rendered":"<div data-elementor-type=\"wp-page\" data-elementor-id=\"1728\" class=\"elementor elementor-1728\" data-elementor-post-type=\"page\">\n\t\t\t\t\t\t<section class=\"elementor-section elementor-top-section elementor-element elementor-element-18c293d elementor-section-boxed elementor-section-height-default elementor-section-height-default\" data-id=\"18c293d\" data-element_type=\"section\">\n\t\t\t\t\t\t<div class=\"elementor-container elementor-column-gap-default\">\n\t\t\t\t\t<div class=\"elementor-column elementor-col-100 elementor-top-column elementor-element elementor-element-0b35bce\" data-id=\"0b35bce\" data-element_type=\"column\">\n\t\t\t<div class=\"elementor-widget-wrap elementor-element-populated\">\n\t\t\t\t\t\t<div class=\"elementor-element elementor-element-f424b9a elementor-widget elementor-widget-spacer\" data-id=\"f424b9a\" data-element_type=\"widget\" data-widget_type=\"spacer.default\">\n\t\t\t\t<div class=\"elementor-widget-container\">\n\t\t\t\t\t\t\t<div class=\"elementor-spacer\">\n\t\t\t<div class=\"elementor-spacer-inner\"><\/div>\n\t\t<\/div>\n\t\t\t\t\t\t<\/div>\n\t\t\t\t<\/div>\n\t\t\t\t<div class=\"elementor-element elementor-element-4174b34 elementor-widget elementor-widget-heading\" data-id=\"4174b34\" data-element_type=\"widget\" data-widget_type=\"heading.default\">\n\t\t\t\t<div class=\"elementor-widget-container\">\n\t\t\t\t\t<h2 class=\"elementor-heading-title elementor-size-default\">Real Estate Investment Opportunities near Paphos Marina<\/h2>\t\t\t\t<\/div>\n\t\t\t\t<\/div>\n\t\t\t\t<div class=\"elementor-element elementor-element-8dbe3db elementor-widget elementor-widget-text-editor\" data-id=\"8dbe3db\" data-element_type=\"widget\" data-widget_type=\"text-editor.default\">\n\t\t\t\t<div class=\"elementor-widget-container\">\n\t\t\t\t\t\t\t\t\t<p>Die Entwicklung des Projekts Paphos Marina steht kurz vor der Realisierung und die Investmentm\u00f6glichkeiten liegen vor. Ohne Zweifel wird das Projekt nach Baustart die Aufmerksamkeit international auf sich ziehen. Mit der ausgezeichneten Lage und dem breiten Spektrum ist es optimal f\u00fcr Investoren.<\/p><p>Interested in how you could make the most of this upcoming development? We\u2019re here to give you all the information you need on real estate investment near Paphos Marina.<\/p>\t\t\t\t\t\t\t\t<\/div>\n\t\t\t\t<\/div>\n\t\t\t\t<div class=\"elementor-element elementor-element-8340c0c elementor-widget elementor-widget-heading\" data-id=\"8340c0c\" data-element_type=\"widget\" data-widget_type=\"heading.default\">\n\t\t\t\t<div class=\"elementor-widget-container\">\n\t\t\t\t\t<h2 class=\"elementor-heading-title elementor-size-default\">Was entsteht genau am Paphos Marina?<\/h2>\t\t\t\t<\/div>\n\t\t\t\t<\/div>\n\t\t\t\t<div class=\"elementor-element elementor-element-b6ff219 elementor-widget elementor-widget-text-editor\" data-id=\"b6ff219\" data-element_type=\"widget\" data-widget_type=\"text-editor.default\">\n\t\t\t\t<div class=\"elementor-widget-container\">\n\t\t\t\t\t\t\t\t\t<p>Selbstverst\u00e4ndlich m\u00f6chten sich Investoren im klaren sein, wo und was mit dem Geld entsteht. Welche Attraktionen und Einrichtungen am Paphos Marine entstehen, sind leider noch nicht ver\u00f6ffentlicht worden, trotzdem kennen bereits die Pl\u00e4ne und wissen was das f\u00fcr eine lohnenswerte Entwicklung mit sich bringt.<\/p><p>Mit Klarheit weiss man, dass ein Jachthafen in der Bucht von Potima entsteht, welcher Platz f\u00fcr 1'000 Boote bietet. Zus\u00e4tzlich sind 42'000 Quadratmeter f\u00fcr den Bau von Wohn- und Gewerbeimmobilien vorgesehen. Daraus l\u00e4sst sich ableiten, dass die Entwicklungsm\u00f6glichkeiten f\u00fcr diese Fl\u00e4che extrem gross sind. Von Gesch\u00e4ftsr\u00e4umen, Luxusimmobilien bis zu Attraktionen wie Wasserparks. Eine einmalige und spannende Chance bietet sich hier f\u00fcr Investoren.<\/p>\t\t\t\t\t\t\t\t<\/div>\n\t\t\t\t<\/div>\n\t\t\t\t<div class=\"elementor-element elementor-element-7dd9405 elementor-widget elementor-widget-heading\" data-id=\"7dd9405\" data-element_type=\"widget\" data-widget_type=\"heading.default\">\n\t\t\t\t<div class=\"elementor-widget-container\">\n\t\t\t\t\t<h2 class=\"elementor-heading-title elementor-size-default\">Is it worth investing in real estate near Paphos Marina?<\/h2>\t\t\t\t<\/div>\n\t\t\t\t<\/div>\n\t\t\t\t<div class=\"elementor-element elementor-element-a73fd46 elementor-widget elementor-widget-text-editor\" data-id=\"a73fd46\" data-element_type=\"widget\" data-widget_type=\"text-editor.default\">\n\t\t\t\t<div class=\"elementor-widget-container\">\n\t\t\t\t\t\t\t\t\t<p>Angesichts der begrenzten Information, welche derzeit zur Verf\u00fcgung stehen, stellen Sie sich evtl. die Frage, ob ein Investment hier lohnenswert ist. Nun, die gute Nachricht ist, dass es mehere Gr\u00fcnde gibt, warum das ein grossartige Idee ist und da die Fertigstellung des Projekts f\u00fcr die n\u00e4chsten Jahre geplant ist, bietet sich jetzt der perfekte Zeitpunkt sich zu diesem Investment zu informieren.<\/p><p><u>Wieso die lange Realisierungszeit?<\/u><\/p><p>Bei einem Projekt, das so vielversprechend ist und so viel Potenzial hat, mag es seltsam erscheinen, dass es so lange gedauert hat, bis es in die Entwicklungsphase kam. Das Projekt wurde nach einer Ausschreibung im Jahr 2008 an die Cybarco-Pandora-Gruppe vergeben, leider wurde das Projekt auf Eis gelegt, als zwei andere Bieter die Entscheidung anfechteten.<\/p><p>Im Jahre 2015 wurde das Projekt zu Gunsten von Poseiden (einer der ersten Bieter) entschieden, jedoch wurde kurz darauf Ihr Darlehensantrag f\u00fcr die Entwicklungsphase abgelehnt. Daraufhin wurde der Zuschlag dem n\u00e4chstbietenden (Pafilia) erteilt, welcher sich jedoch aus dem Projekt zur\u00fcckzog. Somit blieb der Regierung keine andere Wahl, als das Ausschreibungsverfahren von neuem zu beginnen.<\/p><p>Nach dieser unruhigen Zeit rund um das Projekt, ist in den letzten Jahren aber einiges realisiert worden und das Projekt r\u00fcckt konstant dem Baustart n\u00e4her.<\/p>\t\t\t\t\t\t\t\t<\/div>\n\t\t\t\t<\/div>\n\t\t\t\t<div class=\"elementor-element elementor-element-7f4eb67 elementor-widget elementor-widget-heading\" data-id=\"7f4eb67\" data-element_type=\"widget\" data-widget_type=\"heading.default\">\n\t\t\t\t<div class=\"elementor-widget-container\">\n\t\t\t\t\t<h2 class=\"elementor-heading-title elementor-size-default\">Wann wird der Paphos Marina fertiggestellt?<\/h2>\t\t\t\t<\/div>\n\t\t\t\t<\/div>\n\t\t\t\t<div class=\"elementor-element elementor-element-e6d986a elementor-widget elementor-widget-text-editor\" data-id=\"e6d986a\" data-element_type=\"widget\" data-widget_type=\"text-editor.default\">\n\t\t\t\t<div class=\"elementor-widget-container\">\n\t\t\t\t\t\t\t\t\t<p>Nach einem kurzen Blick auf die Geschichte des Projekts k\u00f6nnen wir feststellen, dass es \u00fcber ein Jahrzehnt lang Verz\u00f6gerungen und rechtliche Probleme gab, die jeglichen Fortschritt des neuen Yachthafens in Paphos blockierten. Es wird Sie jedoch freuen zu h\u00f6ren, dass der Yachthafen nun endlich in Angriff genommen wird und in wenigen Jahren fertiggestellt sein d\u00fcrfte.<\/p><p>Nach der langen Wartezeit ist dies der perfekte Zeitpunkt, um sich zu engagieren. Halten Sie sich \u00fcber alle Entwicklungen auf dem Laufenden, damit Sie \u00fcber alle Informationen verf\u00fcgen, sobald sich die Investitionsm\u00f6glichkeiten er\u00f6ffnen.<\/p>\t\t\t\t\t\t\t\t<\/div>\n\t\t\t\t<\/div>\n\t\t\t\t\t<\/div>\n\t\t<\/div>\n\t\t\t\t\t<\/div>\n\t\t<\/section>\n\t\t\t\t<section class=\"elementor-section elementor-top-section elementor-element elementor-element-9d763a8 elementor-section-boxed elementor-section-height-default elementor-section-height-default\" data-id=\"9d763a8\" data-element_type=\"section\">\n\t\t\t\t\t\t<div class=\"elementor-container elementor-column-gap-default\">\n\t\t\t\t\t<div class=\"elementor-column elementor-col-100 elementor-top-column elementor-element elementor-element-46874c9\" data-id=\"46874c9\" data-element_type=\"column\">\n\t\t\t<div class=\"elementor-widget-wrap elementor-element-populated\">\n\t\t\t\t\t\t<div class=\"elementor-element elementor-element-8ba04f5 elementor-widget elementor-widget-spacer\" data-id=\"8ba04f5\" data-element_type=\"widget\" data-widget_type=\"spacer.default\">\n\t\t\t\t<div class=\"elementor-widget-container\">\n\t\t\t\t\t\t\t<div class=\"elementor-spacer\">\n\t\t\t<div class=\"elementor-spacer-inner\"><\/div>\n\t\t<\/div>\n\t\t\t\t\t\t<\/div>\n\t\t\t\t<\/div>\n\t\t\t\t\t<\/div>\n\t\t<\/div>\n\t\t\t\t\t<\/div>\n\t\t<\/section>\n\t\t\t\t<\/div>","protected":false},"excerpt":{"rendered":"<p>Real Estate Investment Opportunities near Paphos Marina With the development of the long-awaited Paphos Marina edging closer to completion, now is the perfect time to consider what investment opportunities are on offer. There\u2019s no doubt that this project has garnered some attention over the years and with its prime position, it offers excellent potential to [&hellip;]<\/p>","protected":false},"author":1,"featured_media":0,"parent":0,"menu_order":0,"comment_status":"closed","ping_status":"closed","template":"tpl-default-elementor.php","meta":{"_acf_changed":false,"footnotes":""},"class_list":["post-1728","page","type-page","status-publish","hentry"],"acf":[],"_links":{"self":[{"href":"https:\/\/paphosmarina.com.cy\/de\/wp-json\/wp\/v2\/pages\/1728","targetHints":{"allow":["GET"]}}],"collection":[{"href":"https:\/\/paphosmarina.com.cy\/de\/wp-json\/wp\/v2\/pages"}],"about":[{"href":"https:\/\/paphosmarina.com.cy\/de\/wp-json\/wp\/v2\/types\/page"}],"author":[{"embeddable":true,"href":"https:\/\/paphosmarina.com.cy\/de\/wp-json\/wp\/v2\/users\/1"}],"replies":[{"embeddable":true,"href":"https:\/\/paphosmarina.com.cy\/de\/wp-json\/wp\/v2\/comments?post=1728"}],"version-history":[{"count":15,"href":"https:\/\/paphosmarina.com.cy\/de\/wp-json\/wp\/v2\/pages\/1728\/revisions"}],"predecessor-version":[{"id":29518,"href":"https:\/\/paphosmarina.com.cy\/de\/wp-json\/wp\/v2\/pages\/1728\/revisions\/29518"}],"wp:attachment":[{"href":"https:\/\/paphosmarina.com.cy\/de\/wp-json\/wp\/v2\/media?parent=1728"}],"curies":[{"name":"wp","href":"https:\/\/api.w.org\/{rel}","templated":true}]}}