{"id":29205,"date":"2021-10-04T13:30:05","date_gmt":"2021-10-04T11:30:05","guid":{"rendered":"https:\/\/paphosmarina.com.cy\/?page_id=29205"},"modified":"2021-11-18T21:40:51","modified_gmt":"2021-11-18T19:40:51","slug":"location","status":"publish","type":"page","link":"https:\/\/paphosmarina.com.cy\/de\/location\/","title":{"rendered":"Location"},"content":{"rendered":"<div data-elementor-type=\"wp-page\" data-elementor-id=\"29205\" class=\"elementor elementor-29205\" data-elementor-post-type=\"page\">\n\t\t\t\t\t\t<section class=\"elementor-section elementor-top-section elementor-element elementor-element-18c293d elementor-section-boxed elementor-section-height-default elementor-section-height-default\" data-id=\"18c293d\" data-element_type=\"section\">\n\t\t\t\t\t\t<div class=\"elementor-container elementor-column-gap-default\">\n\t\t\t\t\t<div class=\"elementor-column elementor-col-100 elementor-top-column elementor-element elementor-element-0b35bce\" data-id=\"0b35bce\" data-element_type=\"column\">\n\t\t\t<div class=\"elementor-widget-wrap elementor-element-populated\">\n\t\t\t\t\t\t<div class=\"elementor-element elementor-element-f424b9a elementor-widget elementor-widget-spacer\" data-id=\"f424b9a\" data-element_type=\"widget\" data-widget_type=\"spacer.default\">\n\t\t\t\t<div class=\"elementor-widget-container\">\n\t\t\t\t\t\t\t<div class=\"elementor-spacer\">\n\t\t\t<div class=\"elementor-spacer-inner\"><\/div>\n\t\t<\/div>\n\t\t\t\t\t\t<\/div>\n\t\t\t\t<\/div>\n\t\t\t\t<div class=\"elementor-element elementor-element-4174b34 elementor-widget elementor-widget-heading\" data-id=\"4174b34\" data-element_type=\"widget\" data-widget_type=\"heading.default\">\n\t\t\t\t<div class=\"elementor-widget-container\">\n\t\t\t\t\t<h2 class=\"elementor-heading-title elementor-size-default\">Wo wird der Paphos Marina gebaut?<\/h2>\t\t\t\t<\/div>\n\t\t\t\t<\/div>\n\t\t\t\t<section class=\"elementor-section elementor-inner-section elementor-element elementor-element-0cb7094 elementor-section-boxed elementor-section-height-default elementor-section-height-default\" data-id=\"0cb7094\" data-element_type=\"section\">\n\t\t\t\t\t\t<div class=\"elementor-container elementor-column-gap-default\">\n\t\t\t\t\t<div class=\"elementor-column elementor-col-50 elementor-inner-column elementor-element elementor-element-fd66f05\" data-id=\"fd66f05\" data-element_type=\"column\">\n\t\t\t<div class=\"elementor-widget-wrap elementor-element-populated\">\n\t\t\t\t\t\t<div class=\"elementor-element elementor-element-8dbe3db elementor-widget elementor-widget-text-editor\" data-id=\"8dbe3db\" data-element_type=\"widget\" data-widget_type=\"text-editor.default\">\n\t\t\t\t<div class=\"elementor-widget-container\">\n\t\t\t\t\t\t\t\t\t<p>Der neue Jachthafen von Paphos soll in der N\u00e4he von Peyia, in Potima (Kissonerga), gebaut werden.<\/p><p>Die Nutzung dieser freien Zone, ist mit seiner N\u00e4he zu Paphos nicht nur ein grosser Vorteil f\u00fcr Touristen, sondern auch f\u00fcr die Einheimischen, mit neuen Einkaufs-, Wohn- und Arbeitsm\u00f6glichkeiten. Die n\u00e4he zu Akamas, Coral Bay, Paphos-Stadt und vielen weiteren wundesch\u00f6nen Gebieten, macht diesen Ort auch interessant f\u00fcr Bootsreisende.<\/p><p>Mit \u00fcber 1000 neuen Bootspl\u00e4tzen bietet er auch internationalen Reisenden und einheimischen Bootsbesitzern einen modernen und sicheren Hafen f\u00fcr Boote aller Gr\u00f6ssen.<\/p>\t\t\t\t\t\t\t\t<\/div>\n\t\t\t\t<\/div>\n\t\t\t\t\t<\/div>\n\t\t<\/div>\n\t\t\t\t<div class=\"elementor-column elementor-col-50 elementor-inner-column elementor-element elementor-element-4ec47da\" data-id=\"4ec47da\" data-element_type=\"column\">\n\t\t\t<div class=\"elementor-widget-wrap elementor-element-populated\">\n\t\t\t\t\t\t<div class=\"elementor-element elementor-element-83d25b3 elementor-widget elementor-widget-video\" data-id=\"83d25b3\" data-element_type=\"widget\" data-settings=\"{&quot;youtube_url&quot;:&quot;https:\\\/\\\/www.youtube.com\\\/watch?v=AyoHP_QimRM&quot;,&quot;yt_privacy&quot;:&quot;yes&quot;,&quot;video_type&quot;:&quot;youtube&quot;}\" data-widget_type=\"video.default\">\n\t\t\t\t<div class=\"elementor-widget-container\">\n\t\t\t\t\t\t\t<div class=\"elementor-wrapper elementor-open-inline\">\n\t\t\t<div class=\"elementor-video\"><\/div>\t\t<\/div>\n\t\t\t\t\t\t<\/div>\n\t\t\t\t<\/div>\n\t\t\t\t\t<\/div>\n\t\t<\/div>\n\t\t\t\t\t<\/div>\n\t\t<\/section>\n\t\t\t\t<div class=\"elementor-element elementor-element-8ba04f5 elementor-widget elementor-widget-spacer\" data-id=\"8ba04f5\" data-element_type=\"widget\" data-widget_type=\"spacer.default\">\n\t\t\t\t<div class=\"elementor-widget-container\">\n\t\t\t\t\t\t\t<div class=\"elementor-spacer\">\n\t\t\t<div class=\"elementor-spacer-inner\"><\/div>\n\t\t<\/div>\n\t\t\t\t\t\t<\/div>\n\t\t\t\t<\/div>\n\t\t\t\t<div class=\"elementor-element elementor-element-18f8ba5 elementor-widget elementor-widget-google_maps\" data-id=\"18f8ba5\" data-element_type=\"widget\" data-widget_type=\"google_maps.default\">\n\t\t\t\t<div class=\"elementor-widget-container\">\n\t\t\t\t\t\t\t<div class=\"elementor-custom-embed\">\n\t\t\t<iframe loading=\"lazy\"\n\t\t\t\t\tsrc=\"https:\/\/maps.google.com\/maps?q=Potima%2C%20Zypern&#038;t=m&#038;z=14&#038;output=embed&#038;iwloc=near\"\n\t\t\t\t\ttitle=\"Potima, Zypern\"\n\t\t\t\t\taria-label=\"Potima, Zypern\"\n\t\t\t><\/iframe>\n\t\t<\/div>\n\t\t\t\t\t\t<\/div>\n\t\t\t\t<\/div>\n\t\t\t\t\t<\/div>\n\t\t<\/div>\n\t\t\t\t\t<\/div>\n\t\t<\/section>\n\t\t\t\t<section class=\"elementor-section elementor-top-section elementor-element elementor-element-f5938d9 elementor-section-boxed elementor-section-height-default elementor-section-height-default\" data-id=\"f5938d9\" data-element_type=\"section\">\n\t\t\t\t\t\t<div class=\"elementor-container elementor-column-gap-default\">\n\t\t\t\t\t<div class=\"elementor-column elementor-col-100 elementor-top-column elementor-element elementor-element-3b7e3f4\" data-id=\"3b7e3f4\" data-element_type=\"column\">\n\t\t\t<div class=\"elementor-widget-wrap elementor-element-populated\">\n\t\t\t\t\t\t<div class=\"elementor-element elementor-element-890ac86 elementor-widget elementor-widget-heading\" data-id=\"890ac86\" data-element_type=\"widget\" data-widget_type=\"heading.default\">\n\t\t\t\t<div class=\"elementor-widget-container\">\n\t\t\t\t\t<h2 class=\"elementor-heading-title elementor-size-default\">Distanz zu anderen H\u00e4fen<\/h2>\t\t\t\t<\/div>\n\t\t\t\t<\/div>\n\t\t\t\t<div class=\"elementor-element elementor-element-df745f6 elementor-widget elementor-widget-shortcode\" data-id=\"df745f6\" data-element_type=\"widget\" data-widget_type=\"shortcode.default\">\n\t\t\t\t<div class=\"elementor-widget-container\">\n\t\t\t\t\t\t\t<div class=\"elementor-shortcode\"><div class=\"map_wrapper\" id=\"map_wrapper_29411\">\n<div class=\"map_box\" style=\"max-width:2000px\">\n<div class=\"map_aspect_ratio\" style=\"padding-top:56%\" data-padding-top=\"56%\" data-padding-top-mobile=\"\">\n<div class=\"map_container\">\n<div class=\"map_render map_loading\" id=\"map_29411\"><\/div>\n<\/div>\n<\/div>\n<\/div>\n<\/div><\/div>\n\t\t\t\t\t\t<\/div>\n\t\t\t\t<\/div>\n\t\t\t\t\t<\/div>\n\t\t<\/div>\n\t\t\t\t\t<\/div>\n\t\t<\/section>\n\t\t\t\t<section class=\"elementor-section elementor-top-section elementor-element elementor-element-9d763a8 elementor-section-boxed elementor-section-height-default elementor-section-height-default\" data-id=\"9d763a8\" data-element_type=\"section\">\n\t\t\t\t\t\t<div class=\"elementor-container elementor-column-gap-default\">\n\t\t\t\t\t<div class=\"elementor-column elementor-col-100 elementor-top-column elementor-element elementor-element-46874c9\" data-id=\"46874c9\" data-element_type=\"column\">\n\t\t\t<div class=\"elementor-widget-wrap elementor-element-populated\">\n\t\t\t\t\t\t<div class=\"elementor-element elementor-element-86eba05 elementor-widget elementor-widget-spacer\" data-id=\"86eba05\" data-element_type=\"widget\" data-widget_type=\"spacer.default\">\n\t\t\t\t<div class=\"elementor-widget-container\">\n\t\t\t\t\t\t\t<div class=\"elementor-spacer\">\n\t\t\t<div class=\"elementor-spacer-inner\"><\/div>\n\t\t<\/div>\n\t\t\t\t\t\t<\/div>\n\t\t\t\t<\/div>\n\t\t\t\t\t<\/div>\n\t\t<\/div>\n\t\t\t\t\t<\/div>\n\t\t<\/section>\n\t\t\t\t<\/div>","protected":false},"excerpt":{"rendered":"<p>Where will Paphos Marine be located? The plan for the Paphos Marina is for it to be built near Peyia, in Potima (Kissonerga). The use of this free space, with its proximity to Paphos, is not only a great asset for tourists but also for the locals with new shopping, living and job opportunities. The [&hellip;]<\/p>","protected":false},"author":1,"featured_media":0,"parent":0,"menu_order":0,"comment_status":"closed","ping_status":"closed","template":"tpl-default-elementor.php","meta":{"_acf_changed":false,"footnotes":""},"class_list":["post-29205","page","type-page","status-publish","hentry"],"acf":[],"_links":{"self":[{"href":"https:\/\/paphosmarina.com.cy\/de\/wp-json\/wp\/v2\/pages\/29205","targetHints":{"allow":["GET"]}}],"collection":[{"href":"https:\/\/paphosmarina.com.cy\/de\/wp-json\/wp\/v2\/pages"}],"about":[{"href":"https:\/\/paphosmarina.com.cy\/de\/wp-json\/wp\/v2\/types\/page"}],"author":[{"embeddable":true,"href":"https:\/\/paphosmarina.com.cy\/de\/wp-json\/wp\/v2\/users\/1"}],"replies":[{"embeddable":true,"href":"https:\/\/paphosmarina.com.cy\/de\/wp-json\/wp\/v2\/comments?post=29205"}],"version-history":[{"count":40,"href":"https:\/\/paphosmarina.com.cy\/de\/wp-json\/wp\/v2\/pages\/29205\/revisions"}],"predecessor-version":[{"id":29458,"href":"https:\/\/paphosmarina.com.cy\/de\/wp-json\/wp\/v2\/pages\/29205\/revisions\/29458"}],"wp:attachment":[{"href":"https:\/\/paphosmarina.com.cy\/de\/wp-json\/wp\/v2\/media?parent=29205"}],"curies":[{"name":"wp","href":"https:\/\/api.w.org\/{rel}","templated":true}]}}